{"id":2139,"date":"2025-06-23T09:52:28","date_gmt":"2025-06-23T07:52:28","guid":{"rendered":"https:\/\/saiair.de\/mentions-legales\/"},"modified":"2025-12-11T16:46:57","modified_gmt":"2025-12-11T15:46:57","slug":"mentions-legales","status":"publish","type":"page","link":"https:\/\/saiair.de\/fr\/mentions-legales\/","title":{"rendered":"Mentions l\u00e9gales"},"content":{"rendered":"","protected":false},"excerpt":{"rendered":"","protected":false},"author":1,"featured_media":0,"parent":0,"menu_order":0,"comment_status":"closed","ping_status":"closed","template":"","meta":{"footnotes":""},"class_list":["post-2139","page","type-page","status-publish","hentry"],"yoast_head":"<!-- This site is optimized with the Yoast SEO plugin v27.3 - https:\/\/yoast.com\/product\/yoast-seo-wordpress\/ -->\n<title>Mentions l\u00e9gales - Sai Air<\/title>\n<meta name=\"description\" content=\"Les contenus cr\u00e9\u00e9s par l&#039;exploitant du site sont soumis au droit d&#039;auteur allemand et aux autres lois de protection.\" \/>\n<meta name=\"robots\" content=\"index, follow, max-snippet:-1, max-image-preview:large, max-video-preview:-1\" \/>\n<link rel=\"canonical\" href=\"https:\/\/saiair.de\/fr\/mentions-legales\/\" \/>\n<meta property=\"og:locale\" content=\"fr_FR\" \/>\n<meta property=\"og:type\" content=\"article\" \/>\n<meta property=\"og:title\" content=\"Mentions l\u00e9gales - Sai Air\" \/>\n<meta property=\"og:description\" content=\"Les contenus cr\u00e9\u00e9s par l&#039;exploitant du site sont soumis au droit d&#039;auteur allemand et aux autres lois de protection.\" \/>\n<meta property=\"og:url\" content=\"https:\/\/saiair.de\/fr\/mentions-legales\/\" \/>\n<meta property=\"og:site_name\" content=\"Sai Air\" \/>\n<meta property=\"article:modified_time\" content=\"2025-12-11T15:46:57+00:00\" \/>\n<meta name=\"twitter:card\" content=\"summary_large_image\" \/>\n<script type=\"application\/ld+json\" class=\"yoast-schema-graph\">{\"@context\":\"https:\\\/\\\/schema.org\",\"@graph\":[{\"@type\":\"WebPage\",\"@id\":\"https:\\\/\\\/saiair.de\\\/fr\\\/mentions-legales\\\/\",\"url\":\"https:\\\/\\\/saiair.de\\\/fr\\\/mentions-legales\\\/\",\"name\":\"Mentions l\u00e9gales - Sai Air\",\"isPartOf\":{\"@id\":\"https:\\\/\\\/saiair.de\\\/fr\\\/#website\"},\"datePublished\":\"2025-06-23T07:52:28+00:00\",\"dateModified\":\"2025-12-11T15:46:57+00:00\",\"description\":\"Les contenus cr\u00e9\u00e9s par l'exploitant du site sont soumis au droit d'auteur allemand et aux autres lois de protection.\",\"breadcrumb\":{\"@id\":\"https:\\\/\\\/saiair.de\\\/fr\\\/mentions-legales\\\/#breadcrumb\"},\"inLanguage\":\"fr-FR\",\"potentialAction\":[{\"@type\":\"ReadAction\",\"target\":[\"https:\\\/\\\/saiair.de\\\/fr\\\/mentions-legales\\\/\"]}]},{\"@type\":\"BreadcrumbList\",\"@id\":\"https:\\\/\\\/saiair.de\\\/fr\\\/mentions-legales\\\/#breadcrumb\",\"itemListElement\":[{\"@type\":\"ListItem\",\"position\":1,\"name\":\"Startseite\",\"item\":\"https:\\\/\\\/saiair.de\\\/fr\\\/\"},{\"@type\":\"ListItem\",\"position\":2,\"name\":\"Mentions l\u00e9gales\"}]},{\"@type\":\"WebSite\",\"@id\":\"https:\\\/\\\/saiair.de\\\/fr\\\/#website\",\"url\":\"https:\\\/\\\/saiair.de\\\/fr\\\/\",\"name\":\"SaiAir\",\"description\":\"Fliegen neu gedacht\",\"publisher\":{\"@id\":\"https:\\\/\\\/saiair.de\\\/fr\\\/#organization\"},\"potentialAction\":[{\"@type\":\"SearchAction\",\"target\":{\"@type\":\"EntryPoint\",\"urlTemplate\":\"https:\\\/\\\/saiair.de\\\/fr\\\/?s={search_term_string}\"},\"query-input\":{\"@type\":\"PropertyValueSpecification\",\"valueRequired\":true,\"valueName\":\"search_term_string\"}}],\"inLanguage\":\"fr-FR\"},{\"@type\":\"Organization\",\"@id\":\"https:\\\/\\\/saiair.de\\\/fr\\\/#organization\",\"name\":\"SaiAir\",\"url\":\"https:\\\/\\\/saiair.de\\\/fr\\\/\",\"logo\":{\"@type\":\"ImageObject\",\"inLanguage\":\"fr-FR\",\"@id\":\"https:\\\/\\\/saiair.de\\\/fr\\\/#\\\/schema\\\/logo\\\/image\\\/\",\"url\":\"https:\\\/\\\/saiair.de\\\/wp-content\\\/uploads\\\/2025\\\/06\\\/Logo-SaiAIR_Herz_Flieger_rz.svg\",\"contentUrl\":\"https:\\\/\\\/saiair.de\\\/wp-content\\\/uploads\\\/2025\\\/06\\\/Logo-SaiAIR_Herz_Flieger_rz.svg\",\"caption\":\"SaiAir\"},\"image\":{\"@id\":\"https:\\\/\\\/saiair.de\\\/fr\\\/#\\\/schema\\\/logo\\\/image\\\/\"}}]}<\/script>\n<!-- \/ Yoast SEO plugin. -->","yoast_head_json":{"title":"Mentions l\u00e9gales - Sai Air","description":"Les contenus cr\u00e9\u00e9s par l'exploitant du site sont soumis au droit d'auteur allemand et aux autres lois de protection.","robots":{"index":"index","follow":"follow","max-snippet":"max-snippet:-1","max-image-preview":"max-image-preview:large","max-video-preview":"max-video-preview:-1"},"canonical":"https:\/\/saiair.de\/fr\/mentions-legales\/","og_locale":"fr_FR","og_type":"article","og_title":"Mentions l\u00e9gales - Sai Air","og_description":"Les contenus cr\u00e9\u00e9s par l'exploitant du site sont soumis au droit d'auteur allemand et aux autres lois de protection.","og_url":"https:\/\/saiair.de\/fr\/mentions-legales\/","og_site_name":"Sai Air","article_modified_time":"2025-12-11T15:46:57+00:00","twitter_card":"summary_large_image","schema":{"@context":"https:\/\/schema.org","@graph":[{"@type":"WebPage","@id":"https:\/\/saiair.de\/fr\/mentions-legales\/","url":"https:\/\/saiair.de\/fr\/mentions-legales\/","name":"Mentions l\u00e9gales - Sai Air","isPartOf":{"@id":"https:\/\/saiair.de\/fr\/#website"},"datePublished":"2025-06-23T07:52:28+00:00","dateModified":"2025-12-11T15:46:57+00:00","description":"Les contenus cr\u00e9\u00e9s par l'exploitant du site sont soumis au droit d'auteur allemand et aux autres lois de protection.","breadcrumb":{"@id":"https:\/\/saiair.de\/fr\/mentions-legales\/#breadcrumb"},"inLanguage":"fr-FR","potentialAction":[{"@type":"ReadAction","target":["https:\/\/saiair.de\/fr\/mentions-legales\/"]}]},{"@type":"BreadcrumbList","@id":"https:\/\/saiair.de\/fr\/mentions-legales\/#breadcrumb","itemListElement":[{"@type":"ListItem","position":1,"name":"Startseite","item":"https:\/\/saiair.de\/fr\/"},{"@type":"ListItem","position":2,"name":"Mentions l\u00e9gales"}]},{"@type":"WebSite","@id":"https:\/\/saiair.de\/fr\/#website","url":"https:\/\/saiair.de\/fr\/","name":"SaiAir","description":"Fliegen neu gedacht","publisher":{"@id":"https:\/\/saiair.de\/fr\/#organization"},"potentialAction":[{"@type":"SearchAction","target":{"@type":"EntryPoint","urlTemplate":"https:\/\/saiair.de\/fr\/?s={search_term_string}"},"query-input":{"@type":"PropertyValueSpecification","valueRequired":true,"valueName":"search_term_string"}}],"inLanguage":"fr-FR"},{"@type":"Organization","@id":"https:\/\/saiair.de\/fr\/#organization","name":"SaiAir","url":"https:\/\/saiair.de\/fr\/","logo":{"@type":"ImageObject","inLanguage":"fr-FR","@id":"https:\/\/saiair.de\/fr\/#\/schema\/logo\/image\/","url":"https:\/\/saiair.de\/wp-content\/uploads\/2025\/06\/Logo-SaiAIR_Herz_Flieger_rz.svg","contentUrl":"https:\/\/saiair.de\/wp-content\/uploads\/2025\/06\/Logo-SaiAIR_Herz_Flieger_rz.svg","caption":"SaiAir"},"image":{"@id":"https:\/\/saiair.de\/fr\/#\/schema\/logo\/image\/"}}]}},"_links":{"self":[{"href":"https:\/\/saiair.de\/fr\/wp-json\/wp\/v2\/pages\/2139","targetHints":{"allow":["GET"]}}],"collection":[{"href":"https:\/\/saiair.de\/fr\/wp-json\/wp\/v2\/pages"}],"about":[{"href":"https:\/\/saiair.de\/fr\/wp-json\/wp\/v2\/types\/page"}],"author":[{"embeddable":true,"href":"https:\/\/saiair.de\/fr\/wp-json\/wp\/v2\/users\/1"}],"replies":[{"embeddable":true,"href":"https:\/\/saiair.de\/fr\/wp-json\/wp\/v2\/comments?post=2139"}],"version-history":[{"count":3,"href":"https:\/\/saiair.de\/fr\/wp-json\/wp\/v2\/pages\/2139\/revisions"}],"predecessor-version":[{"id":2559,"href":"https:\/\/saiair.de\/fr\/wp-json\/wp\/v2\/pages\/2139\/revisions\/2559"}],"wp:attachment":[{"href":"https:\/\/saiair.de\/fr\/wp-json\/wp\/v2\/media?parent=2139"}],"curies":[{"name":"wp","href":"https:\/\/api.w.org\/{rel}","templated":true}]}}